{"id":26,"date":"2024-06-17T05:26:59","date_gmt":"2024-06-17T05:26:59","guid":{"rendered":"https:\/\/atlas-am.ro\/?page_id=26"},"modified":"2026-01-05T11:43:54","modified_gmt":"2026-01-05T09:43:54","slug":"impozitare","status":"publish","type":"page","link":"https:\/\/atlas-am.ro\/en\/impozitare\/","title":{"rendered":"Taxation"},"content":{"rendered":"<div data-elementor-type=\"wp-page\" data-elementor-id=\"26\" class=\"elementor elementor-26\" data-elementor-post-type=\"page\">\n\t\t\t\t\t\t<section class=\"elementor-section elementor-top-section elementor-element elementor-element-59da64c elementor-section-content-middle elementor-section-height-min-height elementor-section-boxed elementor-section-height-default elementor-section-items-middle\" data-id=\"59da64c\" data-element_type=\"section\" data-e-type=\"section\" data-settings=\"{&quot;background_background&quot;:&quot;classic&quot;}\">\n\t\t\t\t\t\t\t<div class=\"elementor-background-overlay\"><\/div>\n\t\t\t\t\t\t\t<div class=\"elementor-container elementor-column-gap-default\">\n\t\t\t\t\t<div class=\"elementor-column elementor-col-100 elementor-top-column elementor-element elementor-element-2554573\" data-id=\"2554573\" data-element_type=\"column\" data-e-type=\"column\">\n\t\t\t<div class=\"elementor-widget-wrap elementor-element-populated\">\n\t\t\t\t\t<div class=\"elementor-background-overlay\"><\/div>\n\t\t\t\t\t\t<section class=\"elementor-section elementor-inner-section elementor-element elementor-element-3a71608 elementor-section-boxed elementor-section-height-default elementor-section-height-default\" data-id=\"3a71608\" data-element_type=\"section\" data-e-type=\"section\">\n\t\t\t\t\t\t<div class=\"elementor-container elementor-column-gap-default\">\n\t\t\t\t\t<div class=\"elementor-column elementor-col-100 elementor-inner-column elementor-element elementor-element-d60f0d9\" data-id=\"d60f0d9\" data-element_type=\"column\" data-e-type=\"column\">\n\t\t\t<div class=\"elementor-widget-wrap elementor-element-populated\">\n\t\t\t\t\t\t<div class=\"elementor-element elementor-element-5a03a76 elementor-widget elementor-widget-heading\" data-id=\"5a03a76\" data-element_type=\"widget\" data-e-type=\"widget\" data-widget_type=\"heading.default\">\n\t\t\t\t<div class=\"elementor-widget-container\">\n\t\t\t\t\t<h1 class=\"elementor-heading-title elementor-size-default\">taxation<\/h1>\t\t\t\t<\/div>\n\t\t\t\t<\/div>\n\t\t\t\t\t<\/div>\n\t\t<\/div>\n\t\t\t\t\t<\/div>\n\t\t<\/section>\n\t\t\t\t\t<\/div>\n\t\t<\/div>\n\t\t\t\t\t<\/div>\n\t\t<\/section>\n\t\t\t\t<section class=\"elementor-section elementor-top-section elementor-element elementor-element-040701b elementor-section-content-middle elementor-section-boxed elementor-section-height-default elementor-section-height-default\" data-id=\"040701b\" data-element_type=\"section\" data-e-type=\"section\" data-settings=\"{&quot;background_background&quot;:&quot;classic&quot;}\">\n\t\t\t\t\t\t\t<div class=\"elementor-background-overlay\"><\/div>\n\t\t\t\t\t\t\t<div class=\"elementor-container elementor-column-gap-default\">\n\t\t\t\t\t<div class=\"elementor-column elementor-col-100 elementor-top-column elementor-element elementor-element-8b975e6\" data-id=\"8b975e6\" data-element_type=\"column\" data-e-type=\"column\">\n\t\t\t<div class=\"elementor-widget-wrap elementor-element-populated\">\n\t\t\t\t\t<div class=\"elementor-background-overlay\"><\/div>\n\t\t\t\t\t\t<section class=\"elementor-section elementor-inner-section elementor-element elementor-element-7570fdf elementor-section-boxed elementor-section-height-default elementor-section-height-default\" data-id=\"7570fdf\" data-element_type=\"section\" data-e-type=\"section\">\n\t\t\t\t\t\t<div class=\"elementor-container elementor-column-gap-default\">\n\t\t\t\t\t<div class=\"elementor-column elementor-col-50 elementor-inner-column elementor-element elementor-element-a3c772b\" data-id=\"a3c772b\" data-element_type=\"column\" data-e-type=\"column\">\n\t\t\t<div class=\"elementor-widget-wrap elementor-element-populated\">\n\t\t\t\t\t\t<div class=\"elementor-element elementor-element-b5194ec elementor-widget__width-initial elementor-widget elementor-widget-text-editor\" data-id=\"b5194ec\" data-element_type=\"widget\" data-e-type=\"widget\" data-widget_type=\"text-editor.default\">\n\t\t\t\t<div class=\"elementor-widget-container\">\n\t\t\t\t\t\t\t\t\t<p style=\"font-weight: 400;\"><span style=\"letter-spacing: 0px;\">C\u00e2\u0219tigurile ob\u021binute de investitorii persoane fizice din plasamentele \u00een fondurile de investi\u021bii sunt impozitate prin re\u021binere la surs\u0103. SAI Atlas Asset Management SA calculeaz\u0103 \u0219i re\u021bine impozitul pe c\u00e2\u0219tigul din investi\u021bii, la data stabilirii valorii de r\u0103scump\u0103rat a unit\u0103\u021bilor de fond. Ulterior, societatea de administrare vireaz\u0103 impozitul c\u0103tre bugetul de stat, p\u00e2n\u0103 la data de 25 inclusiv, a lunii urm\u0103toare celei \u00een care a fost re\u021binut \u0219i este considerat impozit final.<\/span><\/p>\n<p><span lang=\"IT\">Pierderile realizate din tranzac\u021biile de r\u0103scump\u0103rare a unit\u0103\u021bilor de fond nu se reporteaz\u0103,<br>acestea reprezent\u00e2nd pierderi definitive ale investitorului, indiferent de data la care au fost \u00eenregistrate.<\/span><\/p>\n<p><b><span lang=\"IT\">\u00cencep\u00e2nd cu 01.01.2026<\/span><\/b><span lang=\"IT\">, c\u00e2\u0219tigurile ob\u021binute de investitorii persoane fizice din plasamentele \u00een fondurile de investi\u021bii vor fi impozitate prin re\u021binere la surs\u0103, astfel:<\/span><\/p>\n<ul style=\"margin-top: 0cm;\" type=\"disc\">\n<li><span lang=\"IT\">prin aplicarea unei cote de 3% asupra fiec\u0103rui c\u00e2\u015ftig din transferul titlurilor de valoare care au fost dob\u00e2ndite \u015fi \u00eenstr\u0103inate \u00eentr-o perioad\u0103 mai mare de 365 de zile, inclusiv, de la data dob\u00e2ndirii;&nbsp;<\/span><\/li>\n<li><span lang=\"IT\">prin aplicarea unei cote de 6% asupra fiec\u0103rui c\u00e2\u015ftig din transferul titlurilor de valoare care au fost dob\u00e2ndite \u015fi \u00eenstr\u0103inate \u00eentr-o perioad\u0103 mai mic\u0103 de 365 de zile de la data dob\u00e2ndirii;<\/span><\/li>\n<\/ul>\n<p><span lang=\"IT\">The gain is determined by applying the weighted average price (PMP) method, including redemption costs, on each fund, regardless of the holding period.<\/span><\/p>\n<p><span lang=\"IT\">Conform prevederilor legale \u00een vigoare, SAI Atlas Asset Management SA are obliga\u021bia s\u0103<br>transmit\u0103 c\u0103tre investitori, p\u00e2n\u0103 pe data de 28 februarie a anului curent pentru anul anterior, <b>Fi\u0219a de Portofoliu <\/b>ce&nbsp;con\u021bine informa\u021bii consolidate privind c\u00e2\u0219tigul\/pierderea pentru fiecare fond administrat de SAI Atlas Asset Management SA pentru care au fost realizate r\u0103scump\u0103r\u0103ri de c\u0103tre investitor. Fi\u0219a de Portofoliu se poate ob\u021bine gratuit \u0219i la sediul SAI Atlas Asset Management SA din Bucuresti, Sos. Bucuresti-Ploiesti nr. 7A, birou 1, etaj 6, sector 1.&nbsp;<\/span><\/p>\n<p><span style=\"letter-spacing: 0px;\">The investors&nbsp;<\/span><span style=\"letter-spacing: 0px;\">persoane fizice care au ob\u021binut c\u00e2\u0219tiguri din r\u0103scump\u0103rarea unit\u0103\u021bilor de fond,&nbsp;<\/span><span style=\"letter-spacing: 0px;\">au obliga\u021bia ca p\u00e2n\u0103 la data de 25 mai a fiecarui an s\u0103 depun\u0103 (pentru anul&nbsp;<\/span><span style=\"letter-spacing: 0px;\">fiscal anterior) Declara\u021bia Unic\u0103, pentru declararea \u0219i plata contribu\u021biei la&nbsp;<\/span><span style=\"letter-spacing: 0px;\">asigur\u0103rile sociale de s\u0103n\u0103tate, CASS, DOAR dac\u0103 c\u00e2\u0219tigurile ob\u021binute sunt:<\/span><\/p>\n<ul style=\"margin-top: 0cm;\" type=\"disc\">\n<li><span lang=\"IT\">above the level of 6 gross minimum wages per economy, in the amount of 10% of 6 gross minimum wages per economy;<\/span><\/li>\n<li><span lang=\"IT\">between 12 and 24 gross minimum wages per economy, in the amount of 10% of 12 gross minimum wages per economy;&nbsp;<\/span><\/li>\n<li><span lang=\"IT\">above the level of 24 gross minimum wages per economy, in the amount of 10% of 24 gross minimum wages per economy.<\/span><\/li>\n<\/ul>\n<p style=\"margin-left: 36.0pt;\">\n<\/p>\n<p><b><span lang=\"IT\">Te rug\u0103m s\u0103 \u021bii cont de faptul c\u0103 SAI Atlas Asset Management SA<\/span><\/b><span lang=\"IT\"> <b>nu este abilitat\u0103 s\u0103 ofere consultan\u021b\u0103 fiscal\u0103. Pentru determinarea situa\u021biei fiscale individuale sau pentru \u00eentreb\u0103ri suplimentare, te rug\u0103m s\u0103 te adresezi reprezentan\u021bilor ANAF sau unui consultant fiscal.<\/b><\/span><\/p>\n<p style=\"font-weight: 400;\">\n<\/p>\t\t\t\t\t\t\t\t<\/div>\n\t\t\t\t<\/div>\n\t\t\t\t\t<\/div>\n\t\t<\/div>\n\t\t\t\t<div class=\"elementor-column elementor-col-50 elementor-inner-column elementor-element elementor-element-d636d58\" data-id=\"d636d58\" data-element_type=\"column\" data-e-type=\"column\">\n\t\t\t<div class=\"elementor-widget-wrap elementor-element-populated\">\n\t\t\t\t\t\t<div class=\"elementor-element elementor-element-f175412 elementor-widget elementor-widget-image\" data-id=\"f175412\" data-element_type=\"widget\" data-e-type=\"widget\" data-widget_type=\"image.default\">\n\t\t\t\t<div class=\"elementor-widget-container\">\n\t\t\t\t\t\t\t\t\t\t\t\t\t\t\t<img fetchpriority=\"high\" decoding=\"async\" width=\"800\" height=\"566\" src=\"https:\/\/atlas-am.ro\/wp-content\/uploads\/2024\/06\/entrepreneur-idea-competence-vision-1340649-1024x724.jpg\" class=\"attachment-large size-large wp-image-328\" alt=\"entrepreneur idea competence vision 1340649\" srcset=\"https:\/\/atlas-am.ro\/wp-content\/uploads\/2024\/06\/entrepreneur-idea-competence-vision-1340649-1024x724.jpg 1024w, https:\/\/atlas-am.ro\/wp-content\/uploads\/2024\/06\/entrepreneur-idea-competence-vision-1340649-300x212.jpg 300w, https:\/\/atlas-am.ro\/wp-content\/uploads\/2024\/06\/entrepreneur-idea-competence-vision-1340649-768x543.jpg 768w, https:\/\/atlas-am.ro\/wp-content\/uploads\/2024\/06\/entrepreneur-idea-competence-vision-1340649.jpg 1280w\" sizes=\"(max-width: 800px) 100vw, 800px\" \/>\t\t\t\t\t\t\t\t\t\t\t\t\t\t\t<\/div>\n\t\t\t\t<\/div>\n\t\t\t\t<div class=\"elementor-element elementor-element-c3a62a2 elementor-widget elementor-widget-image\" data-id=\"c3a62a2\" data-element_type=\"widget\" data-e-type=\"widget\" data-widget_type=\"image.default\">\n\t\t\t\t<div class=\"elementor-widget-container\">\n\t\t\t\t\t\t\t\t\t\t\t\t\t\t\t<img decoding=\"async\" width=\"800\" height=\"800\" src=\"https:\/\/atlas-am.ro\/wp-content\/uploads\/2024\/10\/ai-generated-8751655_1280-1024x1024.jpg\" class=\"attachment-large size-large wp-image-5205\" alt=\"\" srcset=\"https:\/\/atlas-am.ro\/wp-content\/uploads\/2024\/10\/ai-generated-8751655_1280-1024x1024.jpg 1024w, https:\/\/atlas-am.ro\/wp-content\/uploads\/2024\/10\/ai-generated-8751655_1280-300x300.jpg 300w, https:\/\/atlas-am.ro\/wp-content\/uploads\/2024\/10\/ai-generated-8751655_1280-150x150.jpg 150w, https:\/\/atlas-am.ro\/wp-content\/uploads\/2024\/10\/ai-generated-8751655_1280-768x768.jpg 768w, https:\/\/atlas-am.ro\/wp-content\/uploads\/2024\/10\/ai-generated-8751655_1280.jpg 1280w\" sizes=\"(max-width: 800px) 100vw, 800px\" \/>\t\t\t\t\t\t\t\t\t\t\t\t\t\t\t<\/div>\n\t\t\t\t<\/div>\n\t\t\t\t\t<\/div>\n\t\t<\/div>\n\t\t\t\t\t<\/div>\n\t\t<\/section>\n\t\t\t\t\t<\/div>\n\t\t<\/div>\n\t\t\t\t\t<\/div>\n\t\t<\/section>\n\t\t\t\t<\/div>","protected":false},"excerpt":{"rendered":"<p>impozitare C\u00e2\u0219tigurile ob\u021binute de investitorii persoane fizice din plasamentele \u00een fondurile de investi\u021bii sunt impozitate prin re\u021binere la surs\u0103. SAI Atlas Asset Management SA calculeaz\u0103 \u0219i re\u021bine impozitul pe c\u00e2\u0219tigul din investi\u021bii, la data stabilirii valorii de r\u0103scump\u0103rat a unit\u0103\u021bilor de fond. Ulterior, societatea de administrare vireaz\u0103 impozitul c\u0103tre bugetul de stat, p\u00e2n\u0103 la data [&hellip;]<\/p>\n","protected":false},"author":1,"featured_media":0,"parent":0,"menu_order":0,"comment_status":"closed","ping_status":"closed","template":"elementor_header_footer","meta":{"footnotes":""},"class_list":["post-26","page","type-page","status-publish","hentry"],"_links":{"self":[{"href":"https:\/\/atlas-am.ro\/en\/wp-json\/wp\/v2\/pages\/26","targetHints":{"allow":["GET"]}}],"collection":[{"href":"https:\/\/atlas-am.ro\/en\/wp-json\/wp\/v2\/pages"}],"about":[{"href":"https:\/\/atlas-am.ro\/en\/wp-json\/wp\/v2\/types\/page"}],"author":[{"embeddable":true,"href":"https:\/\/atlas-am.ro\/en\/wp-json\/wp\/v2\/users\/1"}],"replies":[{"embeddable":true,"href":"https:\/\/atlas-am.ro\/en\/wp-json\/wp\/v2\/comments?post=26"}],"version-history":[{"count":9,"href":"https:\/\/atlas-am.ro\/en\/wp-json\/wp\/v2\/pages\/26\/revisions"}],"predecessor-version":[{"id":11194,"href":"https:\/\/atlas-am.ro\/en\/wp-json\/wp\/v2\/pages\/26\/revisions\/11194"}],"wp:attachment":[{"href":"https:\/\/atlas-am.ro\/en\/wp-json\/wp\/v2\/media?parent=26"}],"curies":[{"name":"wp","href":"https:\/\/api.w.org\/{rel}","templated":true}]}}